{"id":417,"date":"2022-09-28T10:05:24","date_gmt":"2022-09-28T08:05:24","guid":{"rendered":"https:\/\/www.dreamdevices.io\/about\/"},"modified":"2026-04-20T11:27:18","modified_gmt":"2026-04-20T09:27:18","slug":"meista","status":"publish","type":"page","link":"https:\/\/www.dreamdevices.io\/fi\/meista\/","title":{"rendered":"Meist\u00e4"},"content":{"rendered":"<h1>Innovaatioiden vauhdittaja<\/h1>\n<p>Dream Devices on suomalainen tuotekehityksen asiantuntija, joka auttaa innovaatioita p\u00e4\u00e4sem\u00e4\u00e4n markkinoille nopeasti ja tehokkaasti. Yhdist\u00e4mme ohjelmistojen, elektroniikan ja mekaniikan osaamisen kokonaisvaltaisiksi ratkaisuiksi, jotka vastaavat asiakkaidemme tarpeisiin eri toimialoilla.<\/p>\n","protected":false},"excerpt":{"rendered":"<p>Innovaatioiden vauhdittaja Dream Devices on suomalainen tuotekehityksen asiantuntija, joka auttaa innovaatioita p\u00e4\u00e4sem\u00e4\u00e4n markkinoille nopeasti ja tehokkaasti. Yhdist\u00e4mme ohjelmistojen, elektroniikan ja mekaniikan osaamisen&hellip; <a class=\"moretag\" href=\"https:\/\/www.dreamdevices.io\/fi\/meista\/\"><\/a><\/p>\n","protected":false},"author":8,"featured_media":449,"parent":0,"menu_order":0,"comment_status":"closed","ping_status":"closed","template":"page-about.php","meta":{"_acf_changed":false,"_monsterinsights_skip_tracking":false,"_monsterinsights_sitenote_active":false,"_monsterinsights_sitenote_note":"","_monsterinsights_sitenote_category":0,"_themeisle_gutenberg_block_has_review":false,"footnotes":""},"class_list":["post-417","page","type-page","status-publish","has-post-thumbnail","hentry"],"acf":[],"yoast_head":"<title>Meist\u00e4 | Dream Devices<\/title>\n<meta name=\"description\" content=\"Kokonaisvaltaisten palveluidemme avulla autamme kaikenkokoisia yrityksi\u00e4 toteuttamaan innovatiivisia ideoitaan ja viem\u00e4\u00e4n ne markkinoille nopeammin.\" \/>\n<meta name=\"robots\" content=\"index, follow, max-snippet:-1, max-image-preview:large, max-video-preview:-1\" \/>\n<link rel=\"canonical\" href=\"https:\/\/www.dreamdevices.io\/fi\/meista\/\" \/>\n<meta property=\"og:locale\" content=\"fi_FI\" \/>\n<meta property=\"og:type\" content=\"article\" \/>\n<meta property=\"og:title\" content=\"Meist\u00e4\" \/>\n<meta property=\"og:description\" content=\"Kokonaisvaltaisten palveluidemme avulla autamme kaikenkokoisia yrityksi\u00e4 toteuttamaan innovatiivisia ideoitaan ja viem\u00e4\u00e4n ne markkinoille nopeammin.\" \/>\n<meta property=\"og:url\" content=\"https:\/\/www.dreamdevices.io\/fi\/meista\/\" \/>\n<meta property=\"og:site_name\" content=\"Dream Devices\" \/>\n<meta property=\"article:modified_time\" content=\"2026-04-20T09:27:18+00:00\" \/>\n<meta property=\"og:image\" content=\"https:\/\/www.dreamdevices.io\/wp-content\/uploads\/rcspw-yjmlot-jpg.webp\" \/>\n\t<meta property=\"og:image:width\" content=\"2084\" \/>\n\t<meta property=\"og:image:height\" content=\"1389\" \/>\n\t<meta property=\"og:image:type\" content=\"image\/jpeg\" \/>\n<meta name=\"twitter:card\" content=\"summary_large_image\" \/>\n<meta name=\"twitter:label1\" content=\"Arvioitu lukuaika\" \/>\n\t<meta name=\"twitter:data1\" content=\"1 minuutti\" \/>\n<script type=\"application\/ld+json\" class=\"yoast-schema-graph\">{\"@context\":\"https:\\\/\\\/schema.org\",\"@graph\":[{\"@type\":\"WebPage\",\"@id\":\"https:\\\/\\\/www.dreamdevices.io\\\/fi\\\/meista\\\/\",\"url\":\"https:\\\/\\\/www.dreamdevices.io\\\/fi\\\/meista\\\/\",\"name\":\"Meist\u00e4 | Dream Devices\",\"isPartOf\":{\"@id\":\"https:\\\/\\\/www.dreamdevices.io\\\/fi\\\/#website\"},\"primaryImageOfPage\":{\"@id\":\"https:\\\/\\\/www.dreamdevices.io\\\/fi\\\/meista\\\/#primaryimage\"},\"image\":{\"@id\":\"https:\\\/\\\/www.dreamdevices.io\\\/fi\\\/meista\\\/#primaryimage\"},\"thumbnailUrl\":\"https:\\\/\\\/www.dreamdevices.io\\\/wp-content\\\/uploads\\\/rcspw-yjmlot-jpg.webp\",\"datePublished\":\"2022-09-28T08:05:24+00:00\",\"dateModified\":\"2026-04-20T09:27:18+00:00\",\"description\":\"Kokonaisvaltaisten palveluidemme avulla autamme kaikenkokoisia yrityksi\u00e4 toteuttamaan innovatiivisia ideoitaan ja viem\u00e4\u00e4n ne markkinoille nopeammin.\",\"breadcrumb\":{\"@id\":\"https:\\\/\\\/www.dreamdevices.io\\\/fi\\\/meista\\\/#breadcrumb\"},\"inLanguage\":\"fi\",\"potentialAction\":[{\"@type\":\"ReadAction\",\"target\":[\"https:\\\/\\\/www.dreamdevices.io\\\/fi\\\/meista\\\/\"]}]},{\"@type\":\"ImageObject\",\"inLanguage\":\"fi\",\"@id\":\"https:\\\/\\\/www.dreamdevices.io\\\/fi\\\/meista\\\/#primaryimage\",\"url\":\"https:\\\/\\\/www.dreamdevices.io\\\/wp-content\\\/uploads\\\/rcspw-yjmlot-jpg.webp\",\"contentUrl\":\"https:\\\/\\\/www.dreamdevices.io\\\/wp-content\\\/uploads\\\/rcspw-yjmlot-jpg.webp\",\"width\":2084,\"height\":1389,\"caption\":\"Seamless teamwork between our HW and SW specialists drives fast, reliable product development.\"},{\"@type\":\"BreadcrumbList\",\"@id\":\"https:\\\/\\\/www.dreamdevices.io\\\/fi\\\/meista\\\/#breadcrumb\",\"itemListElement\":[{\"@type\":\"ListItem\",\"position\":1,\"name\":\"Home\",\"item\":\"https:\\\/\\\/www.dreamdevices.io\\\/fi\\\/\"},{\"@type\":\"ListItem\",\"position\":2,\"name\":\"Meist\u00e4\"}]},{\"@type\":\"WebSite\",\"@id\":\"https:\\\/\\\/www.dreamdevices.io\\\/fi\\\/#website\",\"url\":\"https:\\\/\\\/www.dreamdevices.io\\\/fi\\\/\",\"name\":\"Dream Devices\",\"description\":\"Turn Dreams into Devices\",\"publisher\":{\"@id\":\"https:\\\/\\\/www.dreamdevices.io\\\/fi\\\/#organization\"},\"potentialAction\":[{\"@type\":\"SearchAction\",\"target\":{\"@type\":\"EntryPoint\",\"urlTemplate\":\"https:\\\/\\\/www.dreamdevices.io\\\/fi\\\/?s={search_term_string}\"},\"query-input\":{\"@type\":\"PropertyValueSpecification\",\"valueRequired\":true,\"valueName\":\"search_term_string\"}}],\"inLanguage\":\"fi\"},{\"@type\":\"Organization\",\"@id\":\"https:\\\/\\\/www.dreamdevices.io\\\/fi\\\/#organization\",\"name\":\"Dream Devices\",\"url\":\"https:\\\/\\\/www.dreamdevices.io\\\/fi\\\/\",\"logo\":{\"@type\":\"ImageObject\",\"inLanguage\":\"fi\",\"@id\":\"https:\\\/\\\/www.dreamdevices.io\\\/fi\\\/#\\\/schema\\\/logo\\\/image\\\/\",\"url\":\"https:\\\/\\\/www.dreamdevices.io\\\/wp-content\\\/uploads\\\/dream-devices-wek4wz.png\",\"contentUrl\":\"https:\\\/\\\/www.dreamdevices.io\\\/wp-content\\\/uploads\\\/dream-devices-wek4wz.png\",\"width\":160,\"height\":160,\"caption\":\"Dream Devices\"},\"image\":{\"@id\":\"https:\\\/\\\/www.dreamdevices.io\\\/fi\\\/#\\\/schema\\\/logo\\\/image\\\/\"},\"sameAs\":[\"https:\\\/\\\/www.linkedin.com\\\/company\\\/dream-devices\"],\"description\":\"Product development expert that helps innovations reach the market faster. Turn Dreams into Devices Your partner in product development, speeding up the journey from innovation to market. We provide customizable product development services, creating industry-standard products for companies of all sizes.\",\"email\":\"info@dreamdevices.io\",\"numberOfEmployees\":{\"@type\":\"QuantitativeValue\",\"minValue\":\"11\",\"maxValue\":\"50\"},\"publishingPrinciples\":\"https:\\\/\\\/www.dreamdevices.io\\\/services\\\/\"}]}<\/script>","yoast_head_json":{"title":"Meist\u00e4 | Dream Devices","description":"Kokonaisvaltaisten palveluidemme avulla autamme kaikenkokoisia yrityksi\u00e4 toteuttamaan innovatiivisia ideoitaan ja viem\u00e4\u00e4n ne markkinoille nopeammin.","robots":{"index":"index","follow":"follow","max-snippet":"max-snippet:-1","max-image-preview":"max-image-preview:large","max-video-preview":"max-video-preview:-1"},"canonical":"https:\/\/www.dreamdevices.io\/fi\/meista\/","og_locale":"fi_FI","og_type":"article","og_title":"Meist\u00e4","og_description":"Kokonaisvaltaisten palveluidemme avulla autamme kaikenkokoisia yrityksi\u00e4 toteuttamaan innovatiivisia ideoitaan ja viem\u00e4\u00e4n ne markkinoille nopeammin.","og_url":"https:\/\/www.dreamdevices.io\/fi\/meista\/","og_site_name":"Dream Devices","article_modified_time":"2026-04-20T09:27:18+00:00","og_image":[{"width":2084,"height":1389,"url":"https:\/\/www.dreamdevices.io\/wp-content\/uploads\/rcspw-yjmlot-jpg.webp","type":"image\/jpeg"}],"twitter_card":"summary_large_image","twitter_misc":{"Arvioitu lukuaika":"1 minuutti"},"schema":{"@context":"https:\/\/schema.org","@graph":[{"@type":"WebPage","@id":"https:\/\/www.dreamdevices.io\/fi\/meista\/","url":"https:\/\/www.dreamdevices.io\/fi\/meista\/","name":"Meist\u00e4 | Dream Devices","isPartOf":{"@id":"https:\/\/www.dreamdevices.io\/fi\/#website"},"primaryImageOfPage":{"@id":"https:\/\/www.dreamdevices.io\/fi\/meista\/#primaryimage"},"image":{"@id":"https:\/\/www.dreamdevices.io\/fi\/meista\/#primaryimage"},"thumbnailUrl":"https:\/\/www.dreamdevices.io\/wp-content\/uploads\/rcspw-yjmlot-jpg.webp","datePublished":"2022-09-28T08:05:24+00:00","dateModified":"2026-04-20T09:27:18+00:00","description":"Kokonaisvaltaisten palveluidemme avulla autamme kaikenkokoisia yrityksi\u00e4 toteuttamaan innovatiivisia ideoitaan ja viem\u00e4\u00e4n ne markkinoille nopeammin.","breadcrumb":{"@id":"https:\/\/www.dreamdevices.io\/fi\/meista\/#breadcrumb"},"inLanguage":"fi","potentialAction":[{"@type":"ReadAction","target":["https:\/\/www.dreamdevices.io\/fi\/meista\/"]}]},{"@type":"ImageObject","inLanguage":"fi","@id":"https:\/\/www.dreamdevices.io\/fi\/meista\/#primaryimage","url":"https:\/\/www.dreamdevices.io\/wp-content\/uploads\/rcspw-yjmlot-jpg.webp","contentUrl":"https:\/\/www.dreamdevices.io\/wp-content\/uploads\/rcspw-yjmlot-jpg.webp","width":2084,"height":1389,"caption":"Seamless teamwork between our HW and SW specialists drives fast, reliable product development."},{"@type":"BreadcrumbList","@id":"https:\/\/www.dreamdevices.io\/fi\/meista\/#breadcrumb","itemListElement":[{"@type":"ListItem","position":1,"name":"Home","item":"https:\/\/www.dreamdevices.io\/fi\/"},{"@type":"ListItem","position":2,"name":"Meist\u00e4"}]},{"@type":"WebSite","@id":"https:\/\/www.dreamdevices.io\/fi\/#website","url":"https:\/\/www.dreamdevices.io\/fi\/","name":"Dream Devices","description":"Turn Dreams into Devices","publisher":{"@id":"https:\/\/www.dreamdevices.io\/fi\/#organization"},"potentialAction":[{"@type":"SearchAction","target":{"@type":"EntryPoint","urlTemplate":"https:\/\/www.dreamdevices.io\/fi\/?s={search_term_string}"},"query-input":{"@type":"PropertyValueSpecification","valueRequired":true,"valueName":"search_term_string"}}],"inLanguage":"fi"},{"@type":"Organization","@id":"https:\/\/www.dreamdevices.io\/fi\/#organization","name":"Dream Devices","url":"https:\/\/www.dreamdevices.io\/fi\/","logo":{"@type":"ImageObject","inLanguage":"fi","@id":"https:\/\/www.dreamdevices.io\/fi\/#\/schema\/logo\/image\/","url":"https:\/\/www.dreamdevices.io\/wp-content\/uploads\/dream-devices-wek4wz.png","contentUrl":"https:\/\/www.dreamdevices.io\/wp-content\/uploads\/dream-devices-wek4wz.png","width":160,"height":160,"caption":"Dream Devices"},"image":{"@id":"https:\/\/www.dreamdevices.io\/fi\/#\/schema\/logo\/image\/"},"sameAs":["https:\/\/www.linkedin.com\/company\/dream-devices"],"description":"Product development expert that helps innovations reach the market faster. Turn Dreams into Devices Your partner in product development, speeding up the journey from innovation to market. We provide customizable product development services, creating industry-standard products for companies of all sizes.","email":"info@dreamdevices.io","numberOfEmployees":{"@type":"QuantitativeValue","minValue":"11","maxValue":"50"},"publishingPrinciples":"https:\/\/www.dreamdevices.io\/services\/"}]}},"_links":{"self":[{"href":"https:\/\/www.dreamdevices.io\/fi\/wp-json\/wp\/v2\/pages\/417","targetHints":{"allow":["GET"]}}],"collection":[{"href":"https:\/\/www.dreamdevices.io\/fi\/wp-json\/wp\/v2\/pages"}],"about":[{"href":"https:\/\/www.dreamdevices.io\/fi\/wp-json\/wp\/v2\/types\/page"}],"author":[{"embeddable":true,"href":"https:\/\/www.dreamdevices.io\/fi\/wp-json\/wp\/v2\/users\/8"}],"replies":[{"embeddable":true,"href":"https:\/\/www.dreamdevices.io\/fi\/wp-json\/wp\/v2\/comments?post=417"}],"version-history":[{"count":16,"href":"https:\/\/www.dreamdevices.io\/fi\/wp-json\/wp\/v2\/pages\/417\/revisions"}],"predecessor-version":[{"id":1415,"href":"https:\/\/www.dreamdevices.io\/fi\/wp-json\/wp\/v2\/pages\/417\/revisions\/1415"}],"wp:featuredmedia":[{"embeddable":true,"href":"https:\/\/www.dreamdevices.io\/fi\/wp-json\/wp\/v2\/media\/449"}],"wp:attachment":[{"href":"https:\/\/www.dreamdevices.io\/fi\/wp-json\/wp\/v2\/media?parent=417"}],"curies":[{"name":"wp","href":"https:\/\/api.w.org\/{rel}","templated":true}]}}