{"id":418,"date":"2023-11-14T00:14:14","date_gmt":"2023-11-13T22:14:14","guid":{"rendered":"https:\/\/www.dreamdevices.io\/services\/"},"modified":"2025-09-23T10:05:53","modified_gmt":"2025-09-23T08:05:53","slug":"palvelut","status":"publish","type":"page","link":"https:\/\/www.dreamdevices.io\/fi\/palvelut\/","title":{"rendered":"Palvelut"},"content":{"rendered":"<h5>Palvelut<\/h5>\n<h1>Kokonaisvaltaiset tuotekehityspalvelumme<\/h1>\n<p>Tutustu r\u00e4\u00e4t\u00e4l\u00f6it\u00e4viin ratkaisuihimme, jotka auttavat ideasi markkinoille nopeammin.<\/p>\n","protected":false},"excerpt":{"rendered":"<p>Palvelut Kokonaisvaltaiset tuotekehityspalvelumme Tutustu r\u00e4\u00e4t\u00e4l\u00f6it\u00e4viin ratkaisuihimme, jotka auttavat ideasi markkinoille nopeammin.<\/p>\n","protected":false},"author":8,"featured_media":0,"parent":0,"menu_order":0,"comment_status":"closed","ping_status":"closed","template":"","meta":{"_acf_changed":false,"_monsterinsights_skip_tracking":false,"_monsterinsights_sitenote_active":false,"_monsterinsights_sitenote_note":"","_monsterinsights_sitenote_category":0,"_themeisle_gutenberg_block_has_review":false,"footnotes":""},"class_list":["post-418","page","type-page","status-publish","hentry"],"acf":[],"yoast_head":"<title>Palvelut | Dream Devices<\/title>\n<meta name=\"description\" content=\"Tutustu r\u00e4\u00e4t\u00e4l\u00f6it\u00e4viin ratkaisuihimme, jotka auttavat ideasi markkinoille nopeammin.\" \/>\n<meta name=\"robots\" content=\"index, follow, max-snippet:-1, max-image-preview:large, max-video-preview:-1\" \/>\n<link rel=\"canonical\" href=\"https:\/\/www.dreamdevices.io\/fi\/palvelut\/\" \/>\n<meta property=\"og:locale\" content=\"fi_FI\" \/>\n<meta property=\"og:type\" content=\"article\" \/>\n<meta property=\"og:title\" content=\"Palvelut\" \/>\n<meta property=\"og:description\" content=\"Tutustu r\u00e4\u00e4t\u00e4l\u00f6it\u00e4viin ratkaisuihimme, jotka auttavat ideasi markkinoille nopeammin.\" \/>\n<meta property=\"og:url\" content=\"https:\/\/www.dreamdevices.io\/fi\/palvelut\/\" \/>\n<meta property=\"og:site_name\" content=\"Dream Devices\" \/>\n<meta property=\"article:modified_time\" content=\"2025-09-23T08:05:53+00:00\" \/>\n<meta property=\"og:image\" content=\"https:\/\/www.dreamdevices.io\/wp-content\/uploads\/dream-devices-dl8dqi.png\" \/>\n\t<meta property=\"og:image:width\" content=\"1200\" \/>\n\t<meta property=\"og:image:height\" content=\"630\" \/>\n\t<meta property=\"og:image:type\" content=\"image\/png\" \/>\n<meta name=\"twitter:card\" content=\"summary_large_image\" \/>\n<meta name=\"twitter:label1\" content=\"Arvioitu lukuaika\" \/>\n\t<meta name=\"twitter:data1\" content=\"1 minuutti\" \/>\n<script type=\"application\/ld+json\" class=\"yoast-schema-graph\">{\"@context\":\"https:\\\/\\\/schema.org\",\"@graph\":[{\"@type\":\"WebPage\",\"@id\":\"https:\\\/\\\/www.dreamdevices.io\\\/fi\\\/palvelut\\\/\",\"url\":\"https:\\\/\\\/www.dreamdevices.io\\\/fi\\\/palvelut\\\/\",\"name\":\"Palvelut | Dream Devices\",\"isPartOf\":{\"@id\":\"https:\\\/\\\/www.dreamdevices.io\\\/fi\\\/#website\"},\"datePublished\":\"2023-11-13T22:14:14+00:00\",\"dateModified\":\"2025-09-23T08:05:53+00:00\",\"description\":\"Tutustu r\u00e4\u00e4t\u00e4l\u00f6it\u00e4viin ratkaisuihimme, jotka auttavat ideasi markkinoille nopeammin.\",\"breadcrumb\":{\"@id\":\"https:\\\/\\\/www.dreamdevices.io\\\/fi\\\/palvelut\\\/#breadcrumb\"},\"inLanguage\":\"fi\",\"potentialAction\":[{\"@type\":\"ReadAction\",\"target\":[\"https:\\\/\\\/www.dreamdevices.io\\\/fi\\\/palvelut\\\/\"]}]},{\"@type\":\"BreadcrumbList\",\"@id\":\"https:\\\/\\\/www.dreamdevices.io\\\/fi\\\/palvelut\\\/#breadcrumb\",\"itemListElement\":[{\"@type\":\"ListItem\",\"position\":1,\"name\":\"Home\",\"item\":\"https:\\\/\\\/www.dreamdevices.io\\\/fi\\\/\"},{\"@type\":\"ListItem\",\"position\":2,\"name\":\"Palvelut\"}]},{\"@type\":\"WebSite\",\"@id\":\"https:\\\/\\\/www.dreamdevices.io\\\/fi\\\/#website\",\"url\":\"https:\\\/\\\/www.dreamdevices.io\\\/fi\\\/\",\"name\":\"Dream Devices\",\"description\":\"Turn Dreams into Devices\",\"publisher\":{\"@id\":\"https:\\\/\\\/www.dreamdevices.io\\\/fi\\\/#organization\"},\"potentialAction\":[{\"@type\":\"SearchAction\",\"target\":{\"@type\":\"EntryPoint\",\"urlTemplate\":\"https:\\\/\\\/www.dreamdevices.io\\\/fi\\\/?s={search_term_string}\"},\"query-input\":{\"@type\":\"PropertyValueSpecification\",\"valueRequired\":true,\"valueName\":\"search_term_string\"}}],\"inLanguage\":\"fi\"},{\"@type\":\"Organization\",\"@id\":\"https:\\\/\\\/www.dreamdevices.io\\\/fi\\\/#organization\",\"name\":\"Dream Devices\",\"url\":\"https:\\\/\\\/www.dreamdevices.io\\\/fi\\\/\",\"logo\":{\"@type\":\"ImageObject\",\"inLanguage\":\"fi\",\"@id\":\"https:\\\/\\\/www.dreamdevices.io\\\/fi\\\/#\\\/schema\\\/logo\\\/image\\\/\",\"url\":\"https:\\\/\\\/www.dreamdevices.io\\\/wp-content\\\/uploads\\\/dream-devices-wek4wz.png\",\"contentUrl\":\"https:\\\/\\\/www.dreamdevices.io\\\/wp-content\\\/uploads\\\/dream-devices-wek4wz.png\",\"width\":160,\"height\":160,\"caption\":\"Dream Devices\"},\"image\":{\"@id\":\"https:\\\/\\\/www.dreamdevices.io\\\/fi\\\/#\\\/schema\\\/logo\\\/image\\\/\"},\"sameAs\":[\"https:\\\/\\\/www.linkedin.com\\\/company\\\/dream-devices\"],\"description\":\"Product development expert that helps innovations reach the market faster. Turn Dreams into Devices Your partner in product development, speeding up the journey from innovation to market. We provide customizable product development services, creating industry-standard products for companies of all sizes.\",\"email\":\"info@dreamdevices.io\",\"numberOfEmployees\":{\"@type\":\"QuantitativeValue\",\"minValue\":\"11\",\"maxValue\":\"50\"},\"publishingPrinciples\":\"https:\\\/\\\/www.dreamdevices.io\\\/services\\\/\"}]}<\/script>","yoast_head_json":{"title":"Palvelut | Dream Devices","description":"Tutustu r\u00e4\u00e4t\u00e4l\u00f6it\u00e4viin ratkaisuihimme, jotka auttavat ideasi markkinoille nopeammin.","robots":{"index":"index","follow":"follow","max-snippet":"max-snippet:-1","max-image-preview":"max-image-preview:large","max-video-preview":"max-video-preview:-1"},"canonical":"https:\/\/www.dreamdevices.io\/fi\/palvelut\/","og_locale":"fi_FI","og_type":"article","og_title":"Palvelut","og_description":"Tutustu r\u00e4\u00e4t\u00e4l\u00f6it\u00e4viin ratkaisuihimme, jotka auttavat ideasi markkinoille nopeammin.","og_url":"https:\/\/www.dreamdevices.io\/fi\/palvelut\/","og_site_name":"Dream Devices","article_modified_time":"2025-09-23T08:05:53+00:00","og_image":[{"width":1200,"height":630,"url":"https:\/\/www.dreamdevices.io\/wp-content\/uploads\/dream-devices-dl8dqi.png","type":"image\/png"}],"twitter_card":"summary_large_image","twitter_misc":{"Arvioitu lukuaika":"1 minuutti"},"schema":{"@context":"https:\/\/schema.org","@graph":[{"@type":"WebPage","@id":"https:\/\/www.dreamdevices.io\/fi\/palvelut\/","url":"https:\/\/www.dreamdevices.io\/fi\/palvelut\/","name":"Palvelut | Dream Devices","isPartOf":{"@id":"https:\/\/www.dreamdevices.io\/fi\/#website"},"datePublished":"2023-11-13T22:14:14+00:00","dateModified":"2025-09-23T08:05:53+00:00","description":"Tutustu r\u00e4\u00e4t\u00e4l\u00f6it\u00e4viin ratkaisuihimme, jotka auttavat ideasi markkinoille nopeammin.","breadcrumb":{"@id":"https:\/\/www.dreamdevices.io\/fi\/palvelut\/#breadcrumb"},"inLanguage":"fi","potentialAction":[{"@type":"ReadAction","target":["https:\/\/www.dreamdevices.io\/fi\/palvelut\/"]}]},{"@type":"BreadcrumbList","@id":"https:\/\/www.dreamdevices.io\/fi\/palvelut\/#breadcrumb","itemListElement":[{"@type":"ListItem","position":1,"name":"Home","item":"https:\/\/www.dreamdevices.io\/fi\/"},{"@type":"ListItem","position":2,"name":"Palvelut"}]},{"@type":"WebSite","@id":"https:\/\/www.dreamdevices.io\/fi\/#website","url":"https:\/\/www.dreamdevices.io\/fi\/","name":"Dream Devices","description":"Turn Dreams into Devices","publisher":{"@id":"https:\/\/www.dreamdevices.io\/fi\/#organization"},"potentialAction":[{"@type":"SearchAction","target":{"@type":"EntryPoint","urlTemplate":"https:\/\/www.dreamdevices.io\/fi\/?s={search_term_string}"},"query-input":{"@type":"PropertyValueSpecification","valueRequired":true,"valueName":"search_term_string"}}],"inLanguage":"fi"},{"@type":"Organization","@id":"https:\/\/www.dreamdevices.io\/fi\/#organization","name":"Dream Devices","url":"https:\/\/www.dreamdevices.io\/fi\/","logo":{"@type":"ImageObject","inLanguage":"fi","@id":"https:\/\/www.dreamdevices.io\/fi\/#\/schema\/logo\/image\/","url":"https:\/\/www.dreamdevices.io\/wp-content\/uploads\/dream-devices-wek4wz.png","contentUrl":"https:\/\/www.dreamdevices.io\/wp-content\/uploads\/dream-devices-wek4wz.png","width":160,"height":160,"caption":"Dream Devices"},"image":{"@id":"https:\/\/www.dreamdevices.io\/fi\/#\/schema\/logo\/image\/"},"sameAs":["https:\/\/www.linkedin.com\/company\/dream-devices"],"description":"Product development expert that helps innovations reach the market faster. Turn Dreams into Devices Your partner in product development, speeding up the journey from innovation to market. We provide customizable product development services, creating industry-standard products for companies of all sizes.","email":"info@dreamdevices.io","numberOfEmployees":{"@type":"QuantitativeValue","minValue":"11","maxValue":"50"},"publishingPrinciples":"https:\/\/www.dreamdevices.io\/services\/"}]}},"_links":{"self":[{"href":"https:\/\/www.dreamdevices.io\/fi\/wp-json\/wp\/v2\/pages\/418","targetHints":{"allow":["GET"]}}],"collection":[{"href":"https:\/\/www.dreamdevices.io\/fi\/wp-json\/wp\/v2\/pages"}],"about":[{"href":"https:\/\/www.dreamdevices.io\/fi\/wp-json\/wp\/v2\/types\/page"}],"author":[{"embeddable":true,"href":"https:\/\/www.dreamdevices.io\/fi\/wp-json\/wp\/v2\/users\/8"}],"replies":[{"embeddable":true,"href":"https:\/\/www.dreamdevices.io\/fi\/wp-json\/wp\/v2\/comments?post=418"}],"version-history":[{"count":10,"href":"https:\/\/www.dreamdevices.io\/fi\/wp-json\/wp\/v2\/pages\/418\/revisions"}],"predecessor-version":[{"id":1260,"href":"https:\/\/www.dreamdevices.io\/fi\/wp-json\/wp\/v2\/pages\/418\/revisions\/1260"}],"wp:attachment":[{"href":"https:\/\/www.dreamdevices.io\/fi\/wp-json\/wp\/v2\/media?parent=418"}],"curies":[{"name":"wp","href":"https:\/\/api.w.org\/{rel}","templated":true}]}}