{"id":629,"date":"2022-01-24T18:48:16","date_gmt":"2022-01-24T16:48:16","guid":{"rendered":"https:\/\/www.dreamdevices.io\/?page_id=629"},"modified":"2026-04-24T10:02:26","modified_gmt":"2026-04-24T08:02:26","slug":"evasteet","status":"publish","type":"page","link":"https:\/\/www.dreamdevices.io\/fi\/evasteet\/","title":{"rendered":"Ev\u00e4steet"},"content":{"rendered":"<h2>Ev\u00e4stek\u00e4yt\u00e4nn\u00f6t<\/h2>\n<h2>Mit\u00e4 ev\u00e4steet ovat ja miten ne toimivat?<\/h2>\n<p>Ev\u00e4steet (cookies) ovat vierailtujen sivustojen tietokoneelle tallentamia tietoja. Ev\u00e4steet ovat pieni\u00e4 tekstitiedostoja, joita tietokoneesi (tai muu interneti\u00e4 k\u00e4ytt\u00e4v\u00e4 laitteesi, esim. \u00e4lypuhelimesi) vastaanottaa ja l\u00e4hett\u00e4\u00e4, kun vierailet verkkosivustoilla. Ev\u00e4ste sis\u00e4lt\u00e4\u00e4 yleens\u00e4 anonyymin tunnistenumeron, eik\u00e4 vahingoita p\u00e4\u00e4telaitetta.<\/p>\n<p>Kun vierailet verkkosivustollamme ensimm\u00e4isen kerran, hyv\u00e4ksyt v\u00e4ltt\u00e4m\u00e4tt\u00f6mien ev\u00e4steiden k\u00e4yt\u00f6n. Muiden ev\u00e4steiden k\u00e4ytt\u00f6 edellytt\u00e4\u00e4, ett\u00e4 hyv\u00e4ksyt niiden k\u00e4yt\u00f6n ev\u00e4steasetuksistamme nimenomaisesti. T\u00e4m\u00e4n j\u00e4lkeisill\u00e4 vierailuilla selaimesi lukee tietokoneelle tallennetun ev\u00e4steen ja v\u00e4litt\u00e4\u00e4 tiedot takaisin sivustolle. Voimme siis vain automaattisesti tunnistaa k\u00e4ytt\u00e4m\u00e4si selaimen, mutta emme voi tunnistaa sinua pelkkien ev\u00e4steiden avulla.<\/p>\n<p><a href=\"https:\/\/www.viestintavirasto.fi\/kyberturvallisuus\/tietoturvaohjeet\/palveluidenturvallinenkaytto\/evasteet.html\">Lue lis\u00e4tietoa ev\u00e4steist\u00e4 Viestint\u00e4viraston verkkopalvelusta.<\/a><\/p>\n<h3>Miksi k\u00e4yt\u00e4mme ev\u00e4steit\u00e4?<\/h3>\n<p>Yritys k\u00e4ytt\u00e4\u00e4 verkkopalvelussaan ev\u00e4steit\u00e4 ja niihin verrattavia teknologioita mahdollistaakseen verkkopalvelun sujuvan k\u00e4yt\u00f6n ja k\u00e4ytt\u00e4j\u00e4yst\u00e4v\u00e4llisyyden. Lis\u00e4ksi ev\u00e4steit\u00e4 hy\u00f6dynnet\u00e4\u00e4n palvelun analysointi-, seuranta- ja kehitt\u00e4mistarkoituksessa.<\/p>\n<p>Ev\u00e4steit\u00e4 voidaan k\u00e4ytt\u00e4\u00e4 my\u00f6s kohdennetun mainonnan, viestinn\u00e4n ja sis\u00e4ll\u00f6n tuottamiseen (esim. vierailtuasi verkkopalvelussamme voimme mainostaa aiemmin katselemiasi tuotteita ja niihin liittyvi\u00e4 muita sis\u00e4lt\u00f6j\u00e4 kumppaneidemme verkkosivustoilla) sek\u00e4 markkinointitoimenpiteiden optimoinnissa. Ev\u00e4steiden avulla saatua tietoa k\u00e4ytet\u00e4\u00e4n my\u00f6s verkkopalvelun sis\u00e4ll\u00f6n personointiin.<\/p>\n<h3>Mink\u00e4laisia ev\u00e4steit\u00e4 k\u00e4yt\u00e4mme?<\/h3>\n<p>Yritys k\u00e4ytt\u00e4\u00e4 sek\u00e4 istuntoev\u00e4steit\u00e4 ett\u00e4 pysyvi\u00e4 ev\u00e4steit\u00e4. Istuntoev\u00e4steet tallennetaan tietokoneelle vain siksi ajaksi, kun selain on auki ja ne tuhoutuvat, kun selain suljetaan. Pysyv\u00e4t ev\u00e4steet tallentavat tiedoston tietokoneelle m\u00e4\u00e4ritellyksi ajaksi, kuitenkin enint\u00e4\u00e4n kahdeksi vuodeksi.<\/p>\n<h2>Ev\u00e4steluettelo<\/h2>\n<p>Ev\u00e4ste on pieni tekstitiedosto, jonka verkkosivusto pyyt\u00e4\u00e4 selaintasi tallentamaan laitteeseen, jotta se muistaa tietoja sinusta, kuten kieliasetuksesi tai kirjautumistietosi. N\u00e4m\u00e4 ev\u00e4steet ovat meid\u00e4n asettamiamme, ja niit\u00e4 kutsutaan ensimm\u00e4isen osapuolen ev\u00e4steiksi. Lis\u00e4ksi k\u00e4yt\u00e4mme mainonta- ja markkinointitoimissa kolmannen osapuolen ev\u00e4steit\u00e4, jotka ovat eri toimialueelta kuin k\u00e4ytt\u00e4m\u00e4si verkkosivuston toimialue.<\/p>\n<p>K\u00e4ytt\u00e4m\u00e4mme ev\u00e4steet on luokiteltu seuraavasti:<\/p>\n<p><strong>Analytiikka (analytics)<\/strong><\/p>\n<p>N\u00e4iden ev\u00e4steiden avulla voimme laskea k\u00e4yntim\u00e4\u00e4ri\u00e4 ja liikennel\u00e4hteit\u00e4, jotta voimme mitata ja parantaa sivustomme suorituskyky\u00e4. Ne auttavat meit\u00e4 ymm\u00e4rt\u00e4m\u00e4\u00e4n, mitk\u00e4 sivut ovat suosittuja ja v\u00e4hemm\u00e4n suosittuja ja kuinka vierailijat liikkuvat sivustossa. Kaikki ev\u00e4steiden tiedot ker\u00e4t\u00e4\u00e4n nimett\u00f6min\u00e4. Jos et hyv\u00e4ksy n\u00e4it\u00e4 ev\u00e4steit\u00e4, emme tied\u00e4, milloin olet k\u00e4ynyt sivustollamme.<\/p>\n\n<p><strong>Mainonta (advertisement)<\/strong><\/p>\n<p>N\u00e4it\u00e4 ev\u00e4steit\u00e4 ovat asettaneet sivustoomme mainontakumppanimme. N\u00e4m\u00e4 yritykset voivat k\u00e4ytt\u00e4\u00e4 ev\u00e4steit\u00e4 muodostaakseen profiilin kiinnostuksesi kohteista ja esitt\u00e4\u00e4kseen sinua kiinnostavia mainoksia toisilla sivustoilla. Ev\u00e4steet tunnistavat selaimen ja laitteen. Jos et hyv\u00e4ksy n\u00e4it\u00e4 ev\u00e4steit\u00e4, et n\u00e4e kohdennettua mainontaa eri verkkosivustoilla.<\/p>\n\n<p><strong>Muut (others)<\/strong><\/p>\n<p>N\u00e4it\u00e4 ev\u00e4steit\u00e4 emme ole viel\u00e4 analysoineet ja luokitelleet erikseen. N\u00e4it\u00e4 ev\u00e4steit\u00e4 ovat asettaneet me tai kolmannen osapuolen palveluntarjoajat, joiden palveluja olemme lis\u00e4nneet sivuillemme.<\/p>\n\n<p><strong>Pakolliset (necessary)<\/strong><\/p>\n<p>N\u00e4m\u00e4 ev\u00e4steet ovat tarpeellisia sivuston toiminnan kannalta, eik\u00e4 niit\u00e4 voi poistaa k\u00e4yt\u00f6st\u00e4. Niit\u00e4 asetetaan tavallisesti vain, kun k\u00e4yt\u00e4t toimintoja, jotka luovat palvelupyynt\u00f6j\u00e4, kuten tietosuoja-asetusten m\u00e4\u00e4ritt\u00e4minen, sis\u00e4\u00e4nkirjautuminen tai lomakkeiden t\u00e4ytt\u00e4minen. Voit asettaa selaimesi est\u00e4m\u00e4\u00e4n n\u00e4m\u00e4 ev\u00e4steet, mutta jotkin sivuston osat eiv\u00e4t sen j\u00e4lkeen v\u00e4ltt\u00e4m\u00e4tt\u00e4 toimi.<\/p>\n<p><strong>Suorituskyky (performance)<\/strong><\/p>\n<p>N\u00e4iden ev\u00e4steiden avulla voimme tarkkailla k\u00e4yntim\u00e4\u00e4ri\u00e4, jotta voimme mitata ja parantaa sivustomme suorituskyky\u00e4. Ne auttavat meit\u00e4 ymm\u00e4rt\u00e4m\u00e4\u00e4n, mitk\u00e4 sivut ovat suosittuja ja v\u00e4hemm\u00e4n suosittuja ja kuinka vierailijat liikkuvat sivustossa. Kaikki ev\u00e4steiden tiedot ker\u00e4t\u00e4\u00e4n nimett\u00f6min\u00e4. Jos et hyv\u00e4ksy n\u00e4it\u00e4 ev\u00e4steit\u00e4, emme tied\u00e4, milloin olet k\u00e4ynyt sivustollamme.<\/p>\n\n<p><strong>Toimivuus (functional)<\/strong><\/p>\n<p>N\u00e4iden ev\u00e4steiden avulla voimme tarjota parempia ja yksil\u00f6llisempi\u00e4 toimintoja, kuten videoita ja reaaliaikaisen chatin. N\u00e4it\u00e4 ev\u00e4steit\u00e4 ovat asettaneet me tai kolmannen osapuolen palveluntarjoajat, joiden palveluja olemme lis\u00e4nneet sivuillemme. Jos et hyv\u00e4ksy n\u00e4it\u00e4 ev\u00e4steit\u00e4, jotkin tai kaikki n\u00e4m\u00e4 toiminnot eiv\u00e4t ehk\u00e4 toimi oikein.<\/p>\n\n<p>Yritys k\u00e4ytt\u00e4\u00e4 tietoja yksitt\u00e4isten henkil\u00f6iden tunnistamiseen vain suostumuksellasi tai jos pakottava laki niin m\u00e4\u00e4r\u00e4\u00e4. Yksil\u00f6idyn ev\u00e4stetunnuksen perusteella emme voi tehd\u00e4 johtop\u00e4\u00e4t\u00f6ksi\u00e4 sinusta henkil\u00f6kohtaisesti. T\u00e4st\u00e4 huolimatta ev\u00e4steiden avulla ker\u00e4tt\u00e4vien tietojen voidaan joskus katsoa olevan henkil\u00f6tietoja. Yrityksell\u00e4 on k\u00e4yt\u00f6ss\u00e4\u00e4n asianmukaiset suojatoimet henkil\u00f6tietojen suojaamiseksi.<\/p>\n<p>Lis\u00e4tietoja henkil\u00f6tietojen k\u00e4sittelyst\u00e4 voit lukea <a href=\"\/tietosuoja\/\">tietosuojaselosteesta<\/a>.<\/p>\n<h2><strong>Miten ev\u00e4steit\u00e4 hallinnoidaan ja poistetaan?<\/strong><\/h2>\n<p>K\u00e4ytt\u00e4j\u00e4 voi peruuttaa suostumuksensa ev\u00e4steiden k\u00e4ytt\u00f6\u00f6n muokkaamalla ev\u00e4steasetuksiaan yrityksen sivustolla. K\u00e4ytt\u00e4j\u00e4 voi my\u00f6s kielt\u00e4\u00e4 ev\u00e4steiden k\u00e4yt\u00f6n selaimensa asetuksista. K\u00e4yt\u00e4nn\u00f6t ev\u00e4steiden kielt\u00e4miseen vaihtelevat eri selaimissa. Ev\u00e4steet ovat tarpeellisia joidenkin palveluiden toimivuudelle, mink\u00e4 vuoksi yritys ei voi taata palvelun toimivuutta, mik\u00e4li ev\u00e4stetoiminnallisuus ei ole k\u00e4yt\u00f6ss\u00e4.<\/p>\n<div class=\"cli_user_consent_state\">Your current state: No consent given. <a class=\"cli_manage_current_consent\" style=\"cursor:pointer;text-decoration:underline;\">Manage your consent.<\/a> <\/div>\n<p><!-- notionvc: 3c01149a-b5af-4a5c-b12c-531f344d3f28 --><\/p>\n","protected":false},"excerpt":{"rendered":"<p>Ev\u00e4stek\u00e4yt\u00e4nn\u00f6t Mit\u00e4 ev\u00e4steet ovat ja miten ne toimivat? Ev\u00e4steet (cookies) ovat vierailtujen sivustojen tietokoneelle tallentamia tietoja. Ev\u00e4steet ovat pieni\u00e4 tekstitiedostoja, joita tietokoneesi&hellip; <a class=\"moretag\" href=\"https:\/\/www.dreamdevices.io\/fi\/evasteet\/\"><\/a><\/p>\n","protected":false},"author":8,"featured_media":0,"parent":0,"menu_order":0,"comment_status":"closed","ping_status":"closed","template":"page-plain.php","meta":{"_acf_changed":false,"_monsterinsights_skip_tracking":false,"_monsterinsights_sitenote_active":false,"_monsterinsights_sitenote_note":"","_monsterinsights_sitenote_category":0,"_themeisle_gutenberg_block_has_review":false,"footnotes":""},"class_list":["post-629","page","type-page","status-publish","hentry"],"acf":[],"yoast_head":"<title>Ev\u00e4steet | Dream Devices<\/title>\n<meta name=\"description\" content=\"K\u00e4yt\u00e4mme ev\u00e4steit\u00e4 ja niihin verrattavia teknologioita mahdollistaaksemme verkkopalvelun sujuvan k\u00e4yt\u00f6n ja k\u00e4ytt\u00e4j\u00e4yst\u00e4v\u00e4llisyyden.\" \/>\n<meta name=\"robots\" content=\"index, follow, max-snippet:-1, max-image-preview:large, max-video-preview:-1\" \/>\n<link rel=\"canonical\" href=\"https:\/\/www.dreamdevices.io\/fi\/evasteet\/\" \/>\n<meta property=\"og:locale\" content=\"fi_FI\" \/>\n<meta property=\"og:type\" content=\"article\" \/>\n<meta property=\"og:title\" content=\"Ev\u00e4steet\" \/>\n<meta property=\"og:description\" content=\"K\u00e4yt\u00e4mme ev\u00e4steit\u00e4 ja niihin verrattavia teknologioita mahdollistaaksemme verkkopalvelun sujuvan k\u00e4yt\u00f6n ja k\u00e4ytt\u00e4j\u00e4yst\u00e4v\u00e4llisyyden.\" \/>\n<meta property=\"og:url\" content=\"https:\/\/www.dreamdevices.io\/fi\/evasteet\/\" \/>\n<meta property=\"og:site_name\" content=\"Dream Devices\" \/>\n<meta property=\"article:modified_time\" content=\"2026-04-24T08:02:26+00:00\" \/>\n<meta property=\"og:image\" content=\"https:\/\/www.dreamdevices.io\/wp-content\/uploads\/dream-devices-dl8dqi.png\" \/>\n\t<meta property=\"og:image:width\" content=\"1200\" \/>\n\t<meta property=\"og:image:height\" content=\"630\" \/>\n\t<meta property=\"og:image:type\" content=\"image\/png\" \/>\n<meta name=\"twitter:card\" content=\"summary_large_image\" \/>\n<meta name=\"twitter:label1\" content=\"Arvioitu lukuaika\" \/>\n\t<meta name=\"twitter:data1\" content=\"3 minuuttia\" \/>\n<script type=\"application\/ld+json\" class=\"yoast-schema-graph\">{\"@context\":\"https:\\\/\\\/schema.org\",\"@graph\":[{\"@type\":\"WebPage\",\"@id\":\"https:\\\/\\\/www.dreamdevices.io\\\/fi\\\/evasteet\\\/\",\"url\":\"https:\\\/\\\/www.dreamdevices.io\\\/fi\\\/evasteet\\\/\",\"name\":\"Ev\u00e4steet | Dream Devices\",\"isPartOf\":{\"@id\":\"https:\\\/\\\/www.dreamdevices.io\\\/fi\\\/#website\"},\"datePublished\":\"2022-01-24T16:48:16+00:00\",\"dateModified\":\"2026-04-24T08:02:26+00:00\",\"description\":\"K\u00e4yt\u00e4mme ev\u00e4steit\u00e4 ja niihin verrattavia teknologioita mahdollistaaksemme verkkopalvelun sujuvan k\u00e4yt\u00f6n ja k\u00e4ytt\u00e4j\u00e4yst\u00e4v\u00e4llisyyden.\",\"breadcrumb\":{\"@id\":\"https:\\\/\\\/www.dreamdevices.io\\\/fi\\\/evasteet\\\/#breadcrumb\"},\"inLanguage\":\"fi\",\"potentialAction\":[{\"@type\":\"ReadAction\",\"target\":[\"https:\\\/\\\/www.dreamdevices.io\\\/fi\\\/evasteet\\\/\"]}]},{\"@type\":\"BreadcrumbList\",\"@id\":\"https:\\\/\\\/www.dreamdevices.io\\\/fi\\\/evasteet\\\/#breadcrumb\",\"itemListElement\":[{\"@type\":\"ListItem\",\"position\":1,\"name\":\"Home\",\"item\":\"https:\\\/\\\/www.dreamdevices.io\\\/fi\\\/\"},{\"@type\":\"ListItem\",\"position\":2,\"name\":\"Ev\u00e4steet\"}]},{\"@type\":\"WebSite\",\"@id\":\"https:\\\/\\\/www.dreamdevices.io\\\/fi\\\/#website\",\"url\":\"https:\\\/\\\/www.dreamdevices.io\\\/fi\\\/\",\"name\":\"Dream Devices\",\"description\":\"Turn Dreams into Devices\",\"publisher\":{\"@id\":\"https:\\\/\\\/www.dreamdevices.io\\\/fi\\\/#organization\"},\"potentialAction\":[{\"@type\":\"SearchAction\",\"target\":{\"@type\":\"EntryPoint\",\"urlTemplate\":\"https:\\\/\\\/www.dreamdevices.io\\\/fi\\\/?s={search_term_string}\"},\"query-input\":{\"@type\":\"PropertyValueSpecification\",\"valueRequired\":true,\"valueName\":\"search_term_string\"}}],\"inLanguage\":\"fi\"},{\"@type\":\"Organization\",\"@id\":\"https:\\\/\\\/www.dreamdevices.io\\\/fi\\\/#organization\",\"name\":\"Dream Devices\",\"url\":\"https:\\\/\\\/www.dreamdevices.io\\\/fi\\\/\",\"logo\":{\"@type\":\"ImageObject\",\"inLanguage\":\"fi\",\"@id\":\"https:\\\/\\\/www.dreamdevices.io\\\/fi\\\/#\\\/schema\\\/logo\\\/image\\\/\",\"url\":\"https:\\\/\\\/www.dreamdevices.io\\\/wp-content\\\/uploads\\\/dream-devices-wek4wz.png\",\"contentUrl\":\"https:\\\/\\\/www.dreamdevices.io\\\/wp-content\\\/uploads\\\/dream-devices-wek4wz.png\",\"width\":160,\"height\":160,\"caption\":\"Dream Devices\"},\"image\":{\"@id\":\"https:\\\/\\\/www.dreamdevices.io\\\/fi\\\/#\\\/schema\\\/logo\\\/image\\\/\"},\"sameAs\":[\"https:\\\/\\\/www.linkedin.com\\\/company\\\/dream-devices\"],\"description\":\"Product development expert that helps innovations reach the market faster. Turn Dreams into Devices Your partner in product development, speeding up the journey from innovation to market. We provide customizable product development services, creating industry-standard products for companies of all sizes.\",\"email\":\"info@dreamdevices.io\",\"numberOfEmployees\":{\"@type\":\"QuantitativeValue\",\"minValue\":\"11\",\"maxValue\":\"50\"},\"publishingPrinciples\":\"https:\\\/\\\/www.dreamdevices.io\\\/services\\\/\"}]}<\/script>","yoast_head_json":{"title":"Ev\u00e4steet | Dream Devices","description":"K\u00e4yt\u00e4mme ev\u00e4steit\u00e4 ja niihin verrattavia teknologioita mahdollistaaksemme verkkopalvelun sujuvan k\u00e4yt\u00f6n ja k\u00e4ytt\u00e4j\u00e4yst\u00e4v\u00e4llisyyden.","robots":{"index":"index","follow":"follow","max-snippet":"max-snippet:-1","max-image-preview":"max-image-preview:large","max-video-preview":"max-video-preview:-1"},"canonical":"https:\/\/www.dreamdevices.io\/fi\/evasteet\/","og_locale":"fi_FI","og_type":"article","og_title":"Ev\u00e4steet","og_description":"K\u00e4yt\u00e4mme ev\u00e4steit\u00e4 ja niihin verrattavia teknologioita mahdollistaaksemme verkkopalvelun sujuvan k\u00e4yt\u00f6n ja k\u00e4ytt\u00e4j\u00e4yst\u00e4v\u00e4llisyyden.","og_url":"https:\/\/www.dreamdevices.io\/fi\/evasteet\/","og_site_name":"Dream Devices","article_modified_time":"2026-04-24T08:02:26+00:00","og_image":[{"width":1200,"height":630,"url":"https:\/\/www.dreamdevices.io\/wp-content\/uploads\/dream-devices-dl8dqi.png","type":"image\/png"}],"twitter_card":"summary_large_image","twitter_misc":{"Arvioitu lukuaika":"3 minuuttia"},"schema":{"@context":"https:\/\/schema.org","@graph":[{"@type":"WebPage","@id":"https:\/\/www.dreamdevices.io\/fi\/evasteet\/","url":"https:\/\/www.dreamdevices.io\/fi\/evasteet\/","name":"Ev\u00e4steet | Dream Devices","isPartOf":{"@id":"https:\/\/www.dreamdevices.io\/fi\/#website"},"datePublished":"2022-01-24T16:48:16+00:00","dateModified":"2026-04-24T08:02:26+00:00","description":"K\u00e4yt\u00e4mme ev\u00e4steit\u00e4 ja niihin verrattavia teknologioita mahdollistaaksemme verkkopalvelun sujuvan k\u00e4yt\u00f6n ja k\u00e4ytt\u00e4j\u00e4yst\u00e4v\u00e4llisyyden.","breadcrumb":{"@id":"https:\/\/www.dreamdevices.io\/fi\/evasteet\/#breadcrumb"},"inLanguage":"fi","potentialAction":[{"@type":"ReadAction","target":["https:\/\/www.dreamdevices.io\/fi\/evasteet\/"]}]},{"@type":"BreadcrumbList","@id":"https:\/\/www.dreamdevices.io\/fi\/evasteet\/#breadcrumb","itemListElement":[{"@type":"ListItem","position":1,"name":"Home","item":"https:\/\/www.dreamdevices.io\/fi\/"},{"@type":"ListItem","position":2,"name":"Ev\u00e4steet"}]},{"@type":"WebSite","@id":"https:\/\/www.dreamdevices.io\/fi\/#website","url":"https:\/\/www.dreamdevices.io\/fi\/","name":"Dream Devices","description":"Turn Dreams into Devices","publisher":{"@id":"https:\/\/www.dreamdevices.io\/fi\/#organization"},"potentialAction":[{"@type":"SearchAction","target":{"@type":"EntryPoint","urlTemplate":"https:\/\/www.dreamdevices.io\/fi\/?s={search_term_string}"},"query-input":{"@type":"PropertyValueSpecification","valueRequired":true,"valueName":"search_term_string"}}],"inLanguage":"fi"},{"@type":"Organization","@id":"https:\/\/www.dreamdevices.io\/fi\/#organization","name":"Dream Devices","url":"https:\/\/www.dreamdevices.io\/fi\/","logo":{"@type":"ImageObject","inLanguage":"fi","@id":"https:\/\/www.dreamdevices.io\/fi\/#\/schema\/logo\/image\/","url":"https:\/\/www.dreamdevices.io\/wp-content\/uploads\/dream-devices-wek4wz.png","contentUrl":"https:\/\/www.dreamdevices.io\/wp-content\/uploads\/dream-devices-wek4wz.png","width":160,"height":160,"caption":"Dream Devices"},"image":{"@id":"https:\/\/www.dreamdevices.io\/fi\/#\/schema\/logo\/image\/"},"sameAs":["https:\/\/www.linkedin.com\/company\/dream-devices"],"description":"Product development expert that helps innovations reach the market faster. Turn Dreams into Devices Your partner in product development, speeding up the journey from innovation to market. We provide customizable product development services, creating industry-standard products for companies of all sizes.","email":"info@dreamdevices.io","numberOfEmployees":{"@type":"QuantitativeValue","minValue":"11","maxValue":"50"},"publishingPrinciples":"https:\/\/www.dreamdevices.io\/services\/"}]}},"_links":{"self":[{"href":"https:\/\/www.dreamdevices.io\/fi\/wp-json\/wp\/v2\/pages\/629","targetHints":{"allow":["GET"]}}],"collection":[{"href":"https:\/\/www.dreamdevices.io\/fi\/wp-json\/wp\/v2\/pages"}],"about":[{"href":"https:\/\/www.dreamdevices.io\/fi\/wp-json\/wp\/v2\/types\/page"}],"author":[{"embeddable":true,"href":"https:\/\/www.dreamdevices.io\/fi\/wp-json\/wp\/v2\/users\/8"}],"replies":[{"embeddable":true,"href":"https:\/\/www.dreamdevices.io\/fi\/wp-json\/wp\/v2\/comments?post=629"}],"version-history":[{"count":3,"href":"https:\/\/www.dreamdevices.io\/fi\/wp-json\/wp\/v2\/pages\/629\/revisions"}],"predecessor-version":[{"id":1417,"href":"https:\/\/www.dreamdevices.io\/fi\/wp-json\/wp\/v2\/pages\/629\/revisions\/1417"}],"wp:attachment":[{"href":"https:\/\/www.dreamdevices.io\/fi\/wp-json\/wp\/v2\/media?parent=629"}],"curies":[{"name":"wp","href":"https:\/\/api.w.org\/{rel}","templated":true}]}}