{"id":630,"date":"2021-08-09T09:15:12","date_gmt":"2021-08-09T07:15:12","guid":{"rendered":"https:\/\/www.dreamdevices.io\/?page_id=630"},"modified":"2024-09-25T08:28:31","modified_gmt":"2024-09-25T06:28:31","slug":"tietosuojaseloste","status":"publish","type":"page","link":"https:\/\/www.dreamdevices.io\/fi\/tietosuojaseloste\/","title":{"rendered":"Tietosuojaseloste"},"content":{"rendered":"<h1>Tietosuojaseloste<\/h1>\n<p>T\u00e4ll\u00e4 sivulla kerromme sinulle lyhyesti miksi ja miten ker\u00e4\u00e4mme henkil\u00f6tietoja. Selosteessamme kerromme mit\u00e4 tietoja ker\u00e4\u00e4mme, miten k\u00e4yt\u00e4mme niit\u00e4, miksi tarvitsemme niit\u00e4 ja miten t\u00e4st\u00e4 voi olla sinulle etua.<\/p>\n<h3>Rekisterimme<\/h3>\n<p>Dream Devices Technologies Oy:n ja Defour Oy:n asiakas-, markkinointi-, k\u00e4ytt\u00e4j\u00e4- ja ty\u00f6nhakijarekisterit sek\u00e4 ohjelmistojen henkil\u00f6rekisteri.<\/p>\n<p><strong>Rekisterinpit\u00e4j\u00e4<\/strong><\/p>\n<p>Dream Devices Technologies Oy<br \/>\nBusiness ID: 2704803-9<br \/>\nAddress: Mustionkatu 2, 20750 Turku<br \/>\nPhone: 050 366 3412<br \/>\nOnline Services: www.dreamdevices.io<\/p>\n<p>Defour Oy<br \/>\nBusiness ID: 2286262-1<br \/>\nAddress: Mustionkatu 2, 20750 Turku<br \/>\nPhone: 040 553 2504<br \/>\nOnline Services: www.defour.fi<\/p>\n<p><strong>Yhteyshenkil\u00f6 rekisteri\u00e4 koskevissa asioissa<\/strong><\/p>\n<p>Turkka Laakkio; phone: +358 50 366 3412<\/p>\n<p>Petri Per\u00e4l\u00e4; phone: +358 40 553 2504<\/p>\n<p><strong>Mit\u00e4 henkil\u00f6tietoa ker\u00e4\u00e4mme ja miksi<\/strong><\/p>\n<p>Henkil\u00f6tietojen ker\u00e4\u00e4minen auttaa meit\u00e4 palvelemaan sinua paremmin. Henkil\u00f6tietoja ker\u00e4t\u00e4\u00e4n tietty\u00e4, nimenomaista ja laillista tarkoitusta varten.<\/p>\n<p>K\u00e4sittelemme tietojasi palvelujemme toteuttamisessa, markkinointi- ja asiakasviestinn\u00e4ss\u00e4mme sek\u00e4 asiakaspalvelussa. Lis\u00e4ksi kohdennamme tietojen avulla markkinointiamme ja viestint\u00e4\u00e4 sinulle sopivaksi. Haluamme luoda jatkossa yh\u00e4 parempia palveluja ja ker\u00e4tty tieto auttaa meit\u00e4 ymm\u00e4rt\u00e4m\u00e4\u00e4n asiakkaitamme paremmin.<\/p>\n<h3>Asiakasrekisteri<\/h3>\n<p><strong>Henkil\u00f6tietojen k\u00e4sittelyn tarkoitus, oikeusperuste ja henkil\u00f6tietoryhm\u00e4t<\/strong><\/p>\n<p>Henkil\u00f6tietoja ker\u00e4t\u00e4\u00e4n tietty\u00e4, nimenomaista ja laillista tarkoitusta varten. Tietoja ker\u00e4t\u00e4\u00e4n asiakassuhteiden hoitamista ja palveluiden toimittamista varten. Henkil\u00f6tietojen k\u00e4sittelyn oikeusperuste on sopimusvelvoitteiden t\u00e4ytt\u00e4minen.<\/p>\n<p>Asiakasrekisteri sis\u00e4lt\u00e4\u00e4 rekisterinpit\u00e4j\u00e4n asiakkaiden ja yhteyshenkil\u00f6iden henkil\u00f6tietoja, joita ovat mm. nimi, yhteystiedot, kieli ja muut asiakassuhteen hoitamiseen tarvittavat tiedot.<\/p>\n<h3>Markkinointirekisteri<\/h3>\n<p><strong>Henkil\u00f6tietojen k\u00e4sittelyn tarkoitus, oikeusperuste ja henkil\u00f6tietoryhm\u00e4t<\/strong><\/p>\n<p>Henkil\u00f6tietoja ker\u00e4t\u00e4\u00e4n tietty\u00e4, nimenomaista ja laillista tarkoitusta varten. Tietoja ker\u00e4t\u00e4\u00e4n markkinointia varten. Henkil\u00f6tietojen k\u00e4sittelyn oikeusperuste on rekisterinpit\u00e4j\u00e4n oikeutettu etu harjoittaa markkinointia.<\/p>\n<p>Markkinointirekisteri sis\u00e4lt\u00e4\u00e4 henkil\u00f6asiakkaiden ja yritysten yhteyshenkil\u00f6iden henkil\u00f6tietoja, joita ovat mm. nimi, yhteystiedot ja muut markkinoinnissa tarvittavat tiedot. Markkinointirekisterin henkil\u00f6tiedot saadaan lomakkeilta www-sivuiltamme, puhelimitse, s\u00e4hk\u00f6postilla tai muulla vastaavalla tavalla sek\u00e4 mahdollisista julkisista l\u00e4hteist\u00e4, kuten yritysten yhteystiedoista www-sivuilla.<\/p>\n<h3>K\u00e4ytt\u00e4j\u00e4rekisteri<\/h3>\n<p><strong>Henkil\u00f6tietojen k\u00e4sittelyn tarkoitus, oikeusperuste ja henkil\u00f6tietoryhm\u00e4t<\/strong><\/p>\n<p>Henkil\u00f6tietoja ker\u00e4t\u00e4\u00e4n tietty\u00e4, nimenomaista ja laillista tarkoitusta varten. K\u00e4ytt\u00e4j\u00e4rekisterin tietoja k\u00e4ytet\u00e4\u00e4n sopimusperusteella yritytksen ohjelmistopalveluiden tuottamiseen asiakkaille, asiakkaiden tunnistamiseksi ja k\u00e4ytt\u00f6valtuuksien my\u00f6nt\u00e4miseksi.<\/p>\n<p>K\u00e4ytt\u00e4j\u00e4rekisteri sis\u00e4lt\u00e4\u00e4 k\u00e4ytt\u00e4jien nimen, k\u00e4ytt\u00e4j\u00e4tunnuksen, s\u00e4hk\u00f6postiosoitteen ja muita p\u00e4\u00e4k\u00e4ytt\u00e4jien tallentamia tietoja.<\/p>\n<h3>Ohjelmistojemme henkil\u00f6rekisteri<\/h3>\n<p><strong>Henkil\u00f6tietojen k\u00e4sittelyn tarkoitus, oikeusperuste ja henkil\u00f6tietoryhm\u00e4t<\/strong><\/p>\n<p>Henkil\u00f6tietoja ker\u00e4t\u00e4\u00e4n tietty\u00e4, nimenomaista ja laillista tarkoitusta varten. Ohjelmistojen henkil\u00f6rekistereiden tietoja k\u00e4ytet\u00e4\u00e4n sopimusperustaisen ohjelmistopalveluiden tuottamiseen asiakkaille. Asiakasyritysten ty\u00f6ntekij\u00f6iden henkil\u00f6tietoja luovutetaan ja tallennetaan yrityksen ohjelmistoihin.<\/p>\n<p>Rekisteri sis\u00e4lt\u00e4\u00e4 k\u00e4ytt\u00e4jien nimen, palkka- ja ty\u00f6aikatietoja sek\u00e4 muita k\u00e4ytt\u00e4jien tallentamia tietoja.<\/p>\n<h3>Ty\u00f6nhakijarekisteri<\/h3>\n<p><strong>Henkil\u00f6tietojen k\u00e4sittelyn tarkoitus, oikeusperuste ja henkil\u00f6tietoryhm\u00e4t<\/strong><\/p>\n<p>Henkil\u00f6tietojen k\u00e4sittelyperusteena on oikeutettu etu, joka perustuu\u202fyrityksen ja rekister\u00f6idyn v\u00e4liseen asialliseen yhteyteen rekister\u00f6idyn hakiessa yrityksen ty\u00f6paikkaa.\u202fYritys\u202fk\u00e4sittelee ty\u00f6nhakijoiden henkil\u00f6tietoja seuraaviin tarkoituksiin:\u202frekrytointitoimenpiteiden toteuttaminen ja hallinnointi, hakemusten k\u00e4sitteleminen, ty\u00f6nhakijan soveltuvuuden arvioiminen sek\u00e4 ty\u00f6nhakuun ja rekrytointiin liittyv\u00e4 yhteydenpito.<\/p>\n<p>Yritys\u202fker\u00e4\u00e4 l\u00e4ht\u00f6kohtaisesti henkil\u00f6tietoja suoraan rekister\u00f6idylt\u00e4 heid\u00e4n itsens\u00e4 l\u00e4hett\u00e4mien hakemusten perusteella.\u202fYritys\u202fvoi lain sallimissa rajoissa saada rekister\u00f6idyst\u00e4 tietoja my\u00f6s muista l\u00e4hteist\u00e4. Mik\u00e4li tietoja ker\u00e4t\u00e4\u00e4n muista l\u00e4hteist\u00e4 kuin ty\u00f6nhakijalta itselt\u00e4\u00e4n, yritys\u202fpyyt\u00e4\u00e4 siihen l\u00e4ht\u00f6kohtaisesti aina rekister\u00f6idyn suostumuksen. T\u00e4llaisia muita l\u00e4hteit\u00e4\u202fvoivat\u202fovat esimerkiksi tarpeen mukaan ulkopuolisilla teetetyt henkil\u00f6- ja soveltuvuusarvioinnit.<\/p>\n<p>Rekisteri voi pit\u00e4\u00e4 sis\u00e4ll\u00e4\u00e4n muun muassa seuraavia henkil\u00f6tietoja:<\/p>\n<ul>\n<li>koko nimi ja yhteystiedot<\/li>\n<li>yksil\u00f6intitiedot (muun muassa syntym\u00e4vuosi, henkil\u00f6tunnus ja sukupuoli);<\/li>\n<li>koulutustiedot (muun muassa oppilaitoksen nimi, tutkintonimike ja opintojen kesto);<\/li>\n<li>ty\u00f6kokemustiedot (muun muassa ty\u00f6nantajatiedot, teht\u00e4v\u00e4nimike ja ty\u00f6suhteen kesto);<\/li>\n<li>kielitaito;<\/li>\n<li>mahdollisiin henkil\u00f6- ja soveltuvuusarvionteihin liittyv\u00e4t tiedot; sek\u00e4haettava ty\u00f6paikka;<\/li>\n<li>ty\u00f6nhakijan itsens\u00e4 muut hakemuksessaan ja ansioluettelossaan antamat tiedot.<\/li>\n<\/ul>\n<h3>Yhteydenottolomakkeet<\/h3>\n<p>Www-sivuillamme sijaitsevilla yhteydenotto- ja ilmoittautumislomakkeilla ker\u00e4t\u00e4\u00e4n lomakekohtaisesti niiss\u00e4 l\u00e4hett\u00e4j\u00e4lt\u00e4 kysytyt tiedot, jotka ovat tarpeenmukaisia kyseisen palvelun tarjoamisen mahdollistamiseksi, ja niit\u00e4 s\u00e4ilytet\u00e4\u00e4n aina kyseisen palvelun toimittamiseen vaadittavan ajan. Tietoja voidaan k\u00e4ytt\u00e4\u00e4 my\u00f6s markkinointitarkoituksiin t\u00e4ss\u00e4 tietosuojaselosteessa mainittavien asiakohtien puitteissa, jotka k\u00e4ytt\u00e4j\u00e4 on sivustoa k\u00e4ytt\u00e4ess\u00e4\u00e4n tai lomaketta t\u00e4ytt\u00e4ess\u00e4\u00e4n hyv\u00e4ksynyt.<\/p>\n<h3>Tietojen luovuttaminen<\/h3>\n<p>Emme l\u00e4ht\u00f6kohtaisesti luovuta tietojasi kolmansien osapuolten k\u00e4ytt\u00f6\u00f6n. Joidenkin koulutustemme osalta k\u00e4yt\u00e4mme ulkoisia koulutuksen palveluntarjoajia. T\u00e4llaisessa tapauksessa saatamme luovuttaa tarvittavat tietosi ilmoittautumislomakkeen perusteella, kuten nimesi, ty\u00f6nkuvasi ja s\u00e4hk\u00f6postiosoitteesi palveluntarjoajalle.<\/p>\n<p>Tietojasi saatetaan jossain tapauksessa luovuttaa luottamuksellisesti my\u00f6s kumppaneillemme, jotka k\u00e4sittelev\u00e4t henkil\u00f6tietoja kirjallisen toimeksiantosopimuksen nojalla. Kumppanimme k\u00e4sittelev\u00e4t henkil\u00f6tietoja sovitulla tavalla, kirjallisten ohjeidemme mukaisesti ja vain niiden tarkoitusten edist\u00e4miseksi, joita t\u00e4ss\u00e4 tietosuojaselosteessa on mainittu. T\u00e4llaisia alihankkijoita saatamme k\u00e4ytt\u00e4\u00e4 esimerkiksi markkinoinnin toteuttamisessa.<\/p>\n<h3>Tietojen s\u00e4ilytt\u00e4minen<\/h3>\n<p>Kunnioitamme henkil\u00f6tietojesi luottamuksellisuutta. Tietojen s\u00e4ilytt\u00e4misaika ja s\u00e4ilytt\u00e4miskriteerit vaihtelevat henkil\u00f6tietoryhmitt\u00e4in ja k\u00e4ytt\u00f6tarkoituksittain. S\u00e4ilyt\u00e4mme henkil\u00f6tietoja kuitenkin vain niin kauan, kun se on tarpeen t\u00e4ss\u00e4 tietosuojaselosteessa m\u00e4\u00e4riteltyjen henkil\u00f6tietojen k\u00e4sittelytarkoitusten toteuttamiseksi.<\/p>\n<h3>Oikeutesi omaan tietoosi<\/h3>\n<p>Voit pyyt\u00e4\u00e4 henkil\u00f6tietojesi poistoa. Oikeus omien tietojen poistoon ei koske sellaista henkil\u00f6tietoa, joka meid\u00e4n on s\u00e4ilytett\u00e4v\u00e4 yll\u00e4pidollisista, juridisista tai tietoturvaan liittyvist\u00e4 syist\u00e4. Pyyd\u00e4mme huomioimaan, ett\u00e4 meill\u00e4 olevien henkil\u00f6tietojesi poistaminen saattaa vaikuttaa asiakassuhteemme perusteella sinulle toimitettaviin tietoihin sek\u00e4 mahdollisesti meneill\u00e4\u00e4n oleviin asioihin.<\/p>\n<p>Sinulla on oikeus milloin tahansa vastustaa henkil\u00f6tietojesi k\u00e4sittely\u00e4 markkinointitarkoituksiin. Jokaisessa yrityksen l\u00e4hett\u00e4m\u00e4ss\u00e4 suoras\u00e4hk\u00f6postissa on lainmukainen linkki, josta voit halutessasi est\u00e4\u00e4 suorapostitukset s\u00e4hk\u00f6postiisi jatkossa.<\/p>\n<h3>Tietojen siirt\u00e4minen<\/h3>\n<p>Tietojasi ei l\u00e4ht\u00f6kohtaisesti siirret\u00e4 Euroopan unionin tai Euroopan talousalueen ulkopuolelle. Mik\u00e4li tietojasi kuitenkin olisi tarpeen siirt\u00e4\u00e4 EU:n ulkopuolelle t\u00e4ss\u00e4 tietosuojaselosteessa m\u00e4\u00e4riteltyjen tarkoitusten t\u00e4ytt\u00e4miseksi, varmistamme ett\u00e4 maa on EU:n komission tarkoittama riitt\u00e4v\u00e4n tietosuojan maa, siirronsaaja on Privacy Shield -sertifioitu (Yhdysvalloissa sijaitsevat siirronsaajat) tai siirto tapahtuu EU:n komission julkaisemia mallilausekkeita hy\u00f6dynt\u00e4en. Varmistamme aina, ett\u00e4 mahdollinen tiedonsiirto toteutetaan lain edellytt\u00e4min perustein ja riitt\u00e4vin suojamekanismein.<\/p>\n<h3>Tietosuojaselosteen muuttaminen<\/h3>\n<p>Pyrimme jatkuvasti kehitt\u00e4m\u00e4\u00e4n palvelujamme. Siksi pid\u00e4t\u00e4mme oikeuden muuttaa t\u00e4t\u00e4 tietosuojaselostetta ilmoittamalla siit\u00e4 t\u00e4ll\u00e4 sivulla.<\/p>\n","protected":false},"excerpt":{"rendered":"<p>Tietosuojaseloste T\u00e4ll\u00e4 sivulla kerromme sinulle lyhyesti miksi ja miten ker\u00e4\u00e4mme henkil\u00f6tietoja. Selosteessamme kerromme mit\u00e4 tietoja ker\u00e4\u00e4mme, miten k\u00e4yt\u00e4mme niit\u00e4, miksi tarvitsemme niit\u00e4&hellip; <a class=\"moretag\" href=\"https:\/\/www.dreamdevices.io\/fi\/tietosuojaseloste\/\"><\/a><\/p>\n","protected":false},"author":8,"featured_media":0,"parent":0,"menu_order":0,"comment_status":"closed","ping_status":"closed","template":"page-plain.php","meta":{"_acf_changed":false,"_monsterinsights_skip_tracking":false,"_monsterinsights_sitenote_active":false,"_monsterinsights_sitenote_note":"","_monsterinsights_sitenote_category":0,"_themeisle_gutenberg_block_has_review":false,"footnotes":""},"class_list":["post-630","page","type-page","status-publish","hentry"],"acf":[],"yoast_head":"<title>Tietosuojaseloste | Dream Devices<\/title>\n<meta name=\"robots\" content=\"index, follow, max-snippet:-1, max-image-preview:large, max-video-preview:-1\" \/>\n<link rel=\"canonical\" href=\"https:\/\/www.dreamdevices.io\/fi\/tietosuojaseloste\/\" \/>\n<meta property=\"og:locale\" content=\"fi_FI\" \/>\n<meta property=\"og:type\" content=\"article\" \/>\n<meta property=\"og:title\" content=\"Tietosuojaseloste\" \/>\n<meta property=\"og:description\" content=\"Tietosuojaseloste T\u00e4ll\u00e4 sivulla kerromme sinulle lyhyesti miksi ja miten ker\u00e4\u00e4mme henkil\u00f6tietoja. Selosteessamme kerromme mit\u00e4 tietoja ker\u00e4\u00e4mme, miten k\u00e4yt\u00e4mme niit\u00e4, miksi tarvitsemme niit\u00e4&hellip;\" \/>\n<meta property=\"og:url\" content=\"https:\/\/www.dreamdevices.io\/fi\/tietosuojaseloste\/\" \/>\n<meta property=\"og:site_name\" content=\"Dream Devices\" \/>\n<meta property=\"article:modified_time\" content=\"2024-09-25T06:28:31+00:00\" \/>\n<meta property=\"og:image\" content=\"https:\/\/www.dreamdevices.io\/wp-content\/uploads\/dream-devices-dl8dqi.png\" \/>\n\t<meta property=\"og:image:width\" content=\"1200\" \/>\n\t<meta property=\"og:image:height\" content=\"630\" \/>\n\t<meta property=\"og:image:type\" content=\"image\/png\" \/>\n<meta name=\"twitter:card\" content=\"summary_large_image\" \/>\n<meta name=\"twitter:label1\" content=\"Arvioitu lukuaika\" \/>\n\t<meta name=\"twitter:data1\" content=\"4 minuuttia\" \/>\n<script type=\"application\/ld+json\" class=\"yoast-schema-graph\">{\"@context\":\"https:\\\/\\\/schema.org\",\"@graph\":[{\"@type\":\"WebPage\",\"@id\":\"https:\\\/\\\/www.dreamdevices.io\\\/fi\\\/tietosuojaseloste\\\/\",\"url\":\"https:\\\/\\\/www.dreamdevices.io\\\/fi\\\/tietosuojaseloste\\\/\",\"name\":\"Tietosuojaseloste | Dream Devices\",\"isPartOf\":{\"@id\":\"https:\\\/\\\/www.dreamdevices.io\\\/fi\\\/#website\"},\"datePublished\":\"2021-08-09T07:15:12+00:00\",\"dateModified\":\"2024-09-25T06:28:31+00:00\",\"breadcrumb\":{\"@id\":\"https:\\\/\\\/www.dreamdevices.io\\\/fi\\\/tietosuojaseloste\\\/#breadcrumb\"},\"inLanguage\":\"fi\",\"potentialAction\":[{\"@type\":\"ReadAction\",\"target\":[\"https:\\\/\\\/www.dreamdevices.io\\\/fi\\\/tietosuojaseloste\\\/\"]}]},{\"@type\":\"BreadcrumbList\",\"@id\":\"https:\\\/\\\/www.dreamdevices.io\\\/fi\\\/tietosuojaseloste\\\/#breadcrumb\",\"itemListElement\":[{\"@type\":\"ListItem\",\"position\":1,\"name\":\"Home\",\"item\":\"https:\\\/\\\/www.dreamdevices.io\\\/fi\\\/\"},{\"@type\":\"ListItem\",\"position\":2,\"name\":\"Tietosuojaseloste\"}]},{\"@type\":\"WebSite\",\"@id\":\"https:\\\/\\\/www.dreamdevices.io\\\/fi\\\/#website\",\"url\":\"https:\\\/\\\/www.dreamdevices.io\\\/fi\\\/\",\"name\":\"Dream Devices\",\"description\":\"Turn Dreams into Devices\",\"publisher\":{\"@id\":\"https:\\\/\\\/www.dreamdevices.io\\\/fi\\\/#organization\"},\"potentialAction\":[{\"@type\":\"SearchAction\",\"target\":{\"@type\":\"EntryPoint\",\"urlTemplate\":\"https:\\\/\\\/www.dreamdevices.io\\\/fi\\\/?s={search_term_string}\"},\"query-input\":{\"@type\":\"PropertyValueSpecification\",\"valueRequired\":true,\"valueName\":\"search_term_string\"}}],\"inLanguage\":\"fi\"},{\"@type\":\"Organization\",\"@id\":\"https:\\\/\\\/www.dreamdevices.io\\\/fi\\\/#organization\",\"name\":\"Dream Devices\",\"url\":\"https:\\\/\\\/www.dreamdevices.io\\\/fi\\\/\",\"logo\":{\"@type\":\"ImageObject\",\"inLanguage\":\"fi\",\"@id\":\"https:\\\/\\\/www.dreamdevices.io\\\/fi\\\/#\\\/schema\\\/logo\\\/image\\\/\",\"url\":\"https:\\\/\\\/www.dreamdevices.io\\\/wp-content\\\/uploads\\\/dream-devices-wek4wz.png\",\"contentUrl\":\"https:\\\/\\\/www.dreamdevices.io\\\/wp-content\\\/uploads\\\/dream-devices-wek4wz.png\",\"width\":160,\"height\":160,\"caption\":\"Dream Devices\"},\"image\":{\"@id\":\"https:\\\/\\\/www.dreamdevices.io\\\/fi\\\/#\\\/schema\\\/logo\\\/image\\\/\"},\"sameAs\":[\"https:\\\/\\\/www.linkedin.com\\\/company\\\/dream-devices\"],\"description\":\"Product development expert that helps innovations reach the market faster. Turn Dreams into Devices Your partner in product development, speeding up the journey from innovation to market. We provide customizable product development services, creating industry-standard products for companies of all sizes.\",\"email\":\"info@dreamdevices.io\",\"numberOfEmployees\":{\"@type\":\"QuantitativeValue\",\"minValue\":\"11\",\"maxValue\":\"50\"},\"publishingPrinciples\":\"https:\\\/\\\/www.dreamdevices.io\\\/services\\\/\"}]}<\/script>","yoast_head_json":{"title":"Tietosuojaseloste | Dream Devices","robots":{"index":"index","follow":"follow","max-snippet":"max-snippet:-1","max-image-preview":"max-image-preview:large","max-video-preview":"max-video-preview:-1"},"canonical":"https:\/\/www.dreamdevices.io\/fi\/tietosuojaseloste\/","og_locale":"fi_FI","og_type":"article","og_title":"Tietosuojaseloste","og_description":"Tietosuojaseloste T\u00e4ll\u00e4 sivulla kerromme sinulle lyhyesti miksi ja miten ker\u00e4\u00e4mme henkil\u00f6tietoja. Selosteessamme kerromme mit\u00e4 tietoja ker\u00e4\u00e4mme, miten k\u00e4yt\u00e4mme niit\u00e4, miksi tarvitsemme niit\u00e4&hellip;","og_url":"https:\/\/www.dreamdevices.io\/fi\/tietosuojaseloste\/","og_site_name":"Dream Devices","article_modified_time":"2024-09-25T06:28:31+00:00","og_image":[{"width":1200,"height":630,"url":"https:\/\/www.dreamdevices.io\/wp-content\/uploads\/dream-devices-dl8dqi.png","type":"image\/png"}],"twitter_card":"summary_large_image","twitter_misc":{"Arvioitu lukuaika":"4 minuuttia"},"schema":{"@context":"https:\/\/schema.org","@graph":[{"@type":"WebPage","@id":"https:\/\/www.dreamdevices.io\/fi\/tietosuojaseloste\/","url":"https:\/\/www.dreamdevices.io\/fi\/tietosuojaseloste\/","name":"Tietosuojaseloste | Dream Devices","isPartOf":{"@id":"https:\/\/www.dreamdevices.io\/fi\/#website"},"datePublished":"2021-08-09T07:15:12+00:00","dateModified":"2024-09-25T06:28:31+00:00","breadcrumb":{"@id":"https:\/\/www.dreamdevices.io\/fi\/tietosuojaseloste\/#breadcrumb"},"inLanguage":"fi","potentialAction":[{"@type":"ReadAction","target":["https:\/\/www.dreamdevices.io\/fi\/tietosuojaseloste\/"]}]},{"@type":"BreadcrumbList","@id":"https:\/\/www.dreamdevices.io\/fi\/tietosuojaseloste\/#breadcrumb","itemListElement":[{"@type":"ListItem","position":1,"name":"Home","item":"https:\/\/www.dreamdevices.io\/fi\/"},{"@type":"ListItem","position":2,"name":"Tietosuojaseloste"}]},{"@type":"WebSite","@id":"https:\/\/www.dreamdevices.io\/fi\/#website","url":"https:\/\/www.dreamdevices.io\/fi\/","name":"Dream Devices","description":"Turn Dreams into Devices","publisher":{"@id":"https:\/\/www.dreamdevices.io\/fi\/#organization"},"potentialAction":[{"@type":"SearchAction","target":{"@type":"EntryPoint","urlTemplate":"https:\/\/www.dreamdevices.io\/fi\/?s={search_term_string}"},"query-input":{"@type":"PropertyValueSpecification","valueRequired":true,"valueName":"search_term_string"}}],"inLanguage":"fi"},{"@type":"Organization","@id":"https:\/\/www.dreamdevices.io\/fi\/#organization","name":"Dream Devices","url":"https:\/\/www.dreamdevices.io\/fi\/","logo":{"@type":"ImageObject","inLanguage":"fi","@id":"https:\/\/www.dreamdevices.io\/fi\/#\/schema\/logo\/image\/","url":"https:\/\/www.dreamdevices.io\/wp-content\/uploads\/dream-devices-wek4wz.png","contentUrl":"https:\/\/www.dreamdevices.io\/wp-content\/uploads\/dream-devices-wek4wz.png","width":160,"height":160,"caption":"Dream Devices"},"image":{"@id":"https:\/\/www.dreamdevices.io\/fi\/#\/schema\/logo\/image\/"},"sameAs":["https:\/\/www.linkedin.com\/company\/dream-devices"],"description":"Product development expert that helps innovations reach the market faster. Turn Dreams into Devices Your partner in product development, speeding up the journey from innovation to market. We provide customizable product development services, creating industry-standard products for companies of all sizes.","email":"info@dreamdevices.io","numberOfEmployees":{"@type":"QuantitativeValue","minValue":"11","maxValue":"50"},"publishingPrinciples":"https:\/\/www.dreamdevices.io\/services\/"}]}},"_links":{"self":[{"href":"https:\/\/www.dreamdevices.io\/fi\/wp-json\/wp\/v2\/pages\/630","targetHints":{"allow":["GET"]}}],"collection":[{"href":"https:\/\/www.dreamdevices.io\/fi\/wp-json\/wp\/v2\/pages"}],"about":[{"href":"https:\/\/www.dreamdevices.io\/fi\/wp-json\/wp\/v2\/types\/page"}],"author":[{"embeddable":true,"href":"https:\/\/www.dreamdevices.io\/fi\/wp-json\/wp\/v2\/users\/8"}],"replies":[{"embeddable":true,"href":"https:\/\/www.dreamdevices.io\/fi\/wp-json\/wp\/v2\/comments?post=630"}],"version-history":[{"count":4,"href":"https:\/\/www.dreamdevices.io\/fi\/wp-json\/wp\/v2\/pages\/630\/revisions"}],"predecessor-version":[{"id":908,"href":"https:\/\/www.dreamdevices.io\/fi\/wp-json\/wp\/v2\/pages\/630\/revisions\/908"}],"wp:attachment":[{"href":"https:\/\/www.dreamdevices.io\/fi\/wp-json\/wp\/v2\/media?parent=630"}],"curies":[{"name":"wp","href":"https:\/\/api.w.org\/{rel}","templated":true}]}}